{"id":96,"date":"2017-03-23T09:35:44","date_gmt":"2017-03-23T09:35:44","guid":{"rendered":"http:\/\/leonzanella.com\/web\/?page_id=96"},"modified":"2021-09-16T16:04:20","modified_gmt":"2021-09-16T14:04:20","slug":"lafrancedeleonzanella","status":"publish","type":"page","link":"https:\/\/leonzanella.com\/","title":{"rendered":"La France de Leon Zanella"},"content":{"rendered":"<p>[vc_row full_width=\u00a0\u00bbstretch_row\u00a0\u00bb css=\u00a0\u00bb.vc_custom_1622466504648{background-color: #f2b321 !important;background-position: center !important;background-repeat: no-repeat !important;background-size: cover !important;}\u00a0\u00bb][vc_column][vc_column_text]<\/p>\n<h2 style=\"text-align: center;\"><span style=\"font-family: Tahoma, Arial, Helvetica, sans-serif; color: #003366;\">Collection de prestige de 95 tableaux repr\u00e9sentants les 95 d\u00e9partements de France<\/span><\/h2>\n<h4 style=\"text-align: center;\"><span style=\"color: #000000; font-family: Tahoma, Arial, Helvetica, sans-serif;\">Projet colossal r\u00e9alis\u00e9 entre 2001 et 2021<\/span><\/h4>\n<p>[\/vc_column_text][\/vc_column][\/vc_row][vc_row][vc_column][vc_empty_space][\/vc_column][\/vc_row][vc_row][vc_column][vc_masonry_media_grid grid_id=\u00a0\u00bbvc_gid:1631800991038-7842baf74a74e9dd9436c0afdbebc15a-9&Prime; include=\u00a0\u00bb13940,13941,13942,13943,13944,13945,13946,13947,13948,13949,13950,13951,13952,13953,13954,13955,13956,13957,13958,13959,13960,13961,13962,13963,13964,13965,13966,13967,13969,14029,13970,13971,13972,13973,13974,13975,13976,13977,13978,13979,13980,13981,13982,13983,13984,13985,13986,13987,13988,13989,13990,13991,13992,13993,13994,13995,13996,13997,13998,13999,14000,14002,14003,14004,14005,14006,14007,14008,14009,14010,14011,14012,14013,14014,14015,14016,14017,14018,14019,14020,14021,14022,14023,14024,14025,14026,14027,14028,13909,13910,13911,13912,13913,13914,13915,13916,13917,13918,13919,13928,13929,13930,13931,13932,13933,13934,13935,13936,13937,13938,13939&Prime;][\/vc_column][\/vc_row][vc_row cspt-text-color=\u00a0\u00bbwhite\u00a0\u00bb full_width=\u00a0\u00bbstretch_row\u00a0\u00bb css=\u00a0\u00bb.vc_custom_1622464415418{background-position: center !important;background-repeat: no-repeat !important;background-size: cover !important;}\u00a0\u00bb][vc_column][vc_cta h2=\u00a0\u00bbVous souhaitez acqu\u00e9rir une oeuvre de L\u00e9on Zanella ?\u00a0\u00bb h4=\u00a0\u00bbContactez-nous !\u00a0\u00bb txt_align=\u00a0\u00bbcenter\u00a0\u00bb add_button=\u00a0\u00bbbottom\u00a0\u00bb btn_title=\u00a0\u00bbContact\u00a0\u00bb btn_align=\u00a0\u00bbcenter\u00a0\u00bb btn_link=\u00a0\u00bburl:https%3A%2F%2Fleonzanella.com%2Findex.php%2Fcontact%2F|title:CONTACT||\u00a0\u00bb css=\u00a0\u00bb.vc_custom_1631801052063{background-color: #000000 !important;}\u00a0\u00bb][\/vc_cta][\/vc_column][\/vc_row]<\/p>\n","protected":false},"excerpt":{"rendered":"<p>[vc_row full_width=\u00a0\u00bbstretch_row\u00a0\u00bb css=\u00a0\u00bb.vc_custom_1622466504648{background-color: #f2b321 !important;background-position: center !important;background-repeat: no-repeat !important;background-size: cover !important;}\u00a0\u00bb][vc_column][vc_column_text] Collection de prestige de 95 tableaux repr\u00e9sentants les 95 d\u00e9partements de France Projet colossal r\u00e9alis\u00e9 entre 2001 et 2021 [\/vc_column_text][\/vc_column][\/vc_row][vc_row][vc_column][vc_empty_space][\/vc_column][\/vc_row][vc_row][vc_column][vc_masonry_media_grid grid_id=\u00a0\u00bbvc_gid:1631800991038-7842baf74a74e9dd9436c0afdbebc15a-9&Prime; include=\u00a0\u00bb13940,13941,13942,13943,13944,13945,13946,13947,13948,13949,13950,13951,13952,13953,13954,13955,13956,13957,13958,13959,13960,13961,13962,13963,13964,13965,13966,13967,13969,14029,13970,13971,13972,13973,13974,13975,13976,13977,13978,13979,13980,13981,13982,13983,13984,13985,13986,13987,13988,13989,13990,13991,13992,13993,13994,13995,13996,13997,13998,13999,14000,14002,14003,14004,14005,14006,14007,14008,14009,14010,14011,14012,14013,14014,14015,14016,14017,14018,14019,14020,14021,14022,14023,14024,14025,14026,14027,14028,13909,13910,13911,13912,13913,13914,13915,13916,13917,13918,13919,13928,13929,13930,13931,13932,13933,13934,13935,13936,13937,13938,13939&Prime;][\/vc_column][\/vc_row][vc_row cspt-text-color=\u00a0\u00bbwhite\u00a0\u00bb full_width=\u00a0\u00bbstretch_row\u00a0\u00bb css=\u00a0\u00bb.vc_custom_1622464415418{background-position: center !important;background-repeat: no-repeat !important;background-size: cover !important;}\u00a0\u00bb][vc_column][vc_cta h2=\u00a0\u00bbVous souhaitez acqu\u00e9rir une oeuvre de L\u00e9on Zanella ?\u00a0\u00bb h4=\u00a0\u00bbContactez-nous !\u00a0\u00bb txt_align=\u00a0\u00bbcenter\u00a0\u00bb add_button=\u00a0\u00bbbottom\u00a0\u00bb [&hellip;]<\/p>\n","protected":false},"author":1,"featured_media":0,"parent":0,"menu_order":0,"comment_status":"closed","ping_status":"closed","template":"","meta":[],"acf":[],"_links":{"self":[{"href":"https:\/\/leonzanella.com\/index.php\/wp-json\/wp\/v2\/pages\/96"}],"collection":[{"href":"https:\/\/leonzanella.com\/index.php\/wp-json\/wp\/v2\/pages"}],"about":[{"href":"https:\/\/leonzanella.com\/index.php\/wp-json\/wp\/v2\/types\/page"}],"author":[{"embeddable":true,"href":"https:\/\/leonzanella.com\/index.php\/wp-json\/wp\/v2\/users\/1"}],"replies":[{"embeddable":true,"href":"https:\/\/leonzanella.com\/index.php\/wp-json\/wp\/v2\/comments?post=96"}],"version-history":[{"count":62,"href":"https:\/\/leonzanella.com\/index.php\/wp-json\/wp\/v2\/pages\/96\/revisions"}],"predecessor-version":[{"id":14134,"href":"https:\/\/leonzanella.com\/index.php\/wp-json\/wp\/v2\/pages\/96\/revisions\/14134"}],"wp:attachment":[{"href":"https:\/\/leonzanella.com\/index.php\/wp-json\/wp\/v2\/media?parent=96"}],"curies":[{"name":"wp","href":"https:\/\/api.w.org\/{rel}","templated":true}]}}