{"id":46,"date":"2017-03-05T17:14:29","date_gmt":"2017-03-05T17:14:29","guid":{"rendered":"http:\/\/maquette.geckoweb.fr\/?page_id=36"},"modified":"2021-09-17T16:30:38","modified_gmt":"2021-09-17T14:30:38","slug":"lartiste","status":"publish","type":"page","link":"https:\/\/leonzanella.com\/index.php\/lartiste\/","title":{"rendered":"L&rsquo;ARTISTE"},"content":{"rendered":"<p>[vc_row][vc_column][vc_empty_space][\/vc_column][\/vc_row][vc_row][vc_column width=\u00a0\u00bb1\/2&Prime;][vc_column_text]L\u00e9on ZANELLA<\/p>\n<p><strong>N\u00e9 \u00e0 Marseille le 8 octobre 1956.<\/strong><\/p>\n<p><strong>\u00a0<\/strong><span style=\"color: #ffffff;\"><strong>ETUDES :<\/strong><\/span><\/p>\n<p><span style=\"color: #ffffff;\">Beaux-Arts, Avignon (France) 1970-1971<\/span><\/p>\n<p><span style=\"color: #ffffff;\"><strong>MUSEES :<\/strong><\/span><\/p>\n<p><span style=\"color: #ffffff;\">Las Vegas Museum, Las vegas, Nevada, USA\u00a0\u00a0 (en collection permanente depuis le 31 janvier 2002)<\/span>[\/vc_column_text][\/vc_column][vc_column width=\u00a0\u00bb1\/2&Prime;][vc_single_image image=\u00a0\u00bb14053&Prime; img_size=\u00a0\u00bbfull\u00a0\u00bb][vc_column_text]<\/p>\n<p style=\"text-align: center;\"><span style=\"font-size: 10pt;\">Credit photo-Van Son HUYNH<\/span><\/p>\n<p>[\/vc_column_text][\/vc_column][vc_column][vc_empty_space][\/vc_column][\/vc_row][vc_row][vc_column width=\u00a0\u00bb1\/2&Prime;][vc_tta_pageable][vc_tta_section title=\u00a0\u00bbSection 1&Prime; tab_id=\u00a0\u00bb1622475057349-7d3b2f89-2b2a\u00a0\u00bb][vc_column_text]<strong>PRINCIPALES EXPOSITIONS :<\/strong><\/p>\n<p>1974 : Juin, \u00e0 BEDOIN (1\u00e8re expo \u00e0 l\u2019h\u00f4tel de ville) Zanella avait 17 ans. 54 Tableaux \u00e9taient \u00e0 la vente. Toutes la collection a \u00e9t\u00e9 vendue. Durant cette exposition, Zanella a eu plusieurs commandes qui n\u2019ont encore jamais \u00e9t\u00e9 r\u00e9alis\u00e9es \u00e0 ce jour\u2026<\/p>\n<p>1980 : GALERIE DE LA PLACE DU POID, VAISON-LA-ROMAINE (FRANCE)<\/p>\n<p>1980 : VAISON-LA-ROMAINE (FRANCE)<\/p>\n<p>1981 : GALERIE DE LA PLACE DU POID, VAISON-LA-ROMAINE (FRANCE)<\/p>\n<p>1982 : GALERIE DE LA PLACE DU POID, VAISON-LA-ROMAINE (FRANCE)<\/p>\n<p>1983 : VAISON-LA-ROMAINE (FRANCE)<\/p>\n<p>1984 : ORANGE (France)<\/p>\n<p>1984 : GALERIE IDA WINGERTER \u2013 METZ (France)<\/p>\n<p>1984 : GALERIE CHARLES DUCASSE \u2013 DAX\u00a0 (France)<\/p>\n<p>1984 : GALERIE BRETEUIL \u2013 PARIS\u00a0 (France)<\/p>\n<p>1984 : GALERIE INTERNATIONALE DES BEAUX ARTS \u2013 MARSEILLE\u00a0 (France)<\/p>\n<p>1984: GALERIE DE LA PLACE DU POID, VAISON-LA-ROMAINE (FRANCE)<\/p>\n<p>1985 : METROPOLIS INTERNATIONAL GALERIE D\u2019ART -GENEVE\u00a0 (France)<\/p>\n<p>1985 : CENTRE INTERNATIONAL D\u2019ART CONTEMPORAIN \u2013 PARIS (France)<\/p>\n<p>1985 : GALERIE IDA WINGERTER \u2013 STRASBOURG\u00a0 (France)<\/p>\n<p>1985 : CENTRE INTERNATIONAL D\u2019ART CONTEMPORAIN \u2013 PARIS\u00a0 (France)<\/p>\n<p>1985 : PALAIS DES CONGRES \u2013 ARLES\u00a0 (France)<\/p>\n<p>1985 : PALAIS DES PAPES \u2013 AVIGNON\u00a0 (France)<\/p>\n<p>1985 : GALERIE DE LA PLACE DU POID, VAISON-LA-ROMAINE (FRANCE)[\/vc_column_text][\/vc_tta_section][vc_tta_section title=\u00a0\u00bbSection 1&Prime; tab_id=\u00a0\u00bb1622475117611-36d2e794-9ae0&Prime;][vc_column_text]1986 : GALERIE LA PAGODE \u2013 MARSEILLE\u00a0 (France)<\/p>\n<p>1986 : CENTRE ARTISTIQUE ET CULTUREL DES HALLES \u2013 PARIS\u00a0 (France)<\/p>\n<p>1986 : GALERIE LES CALADES \u2013 AVIGNON\u00a0 (France)<\/p>\n<p>1986 : GALERIE DE LA PLACE DU POID, VAISON-LA-ROMAINE (FRANCE)<\/p>\n<p>1987 : CENTRE INTERNATIONAL D\u2019ART CONTEMPORAIN \u2013 PARIS\u00a0 (France)<\/p>\n<p>1987 : GALERIE DE LA PLACE DU POID, VAISON-LA-ROMAINE (FRANCE)<\/p>\n<p>1988 : PALAIS DES ARTS \u2013 MARSEILLE (France)<\/p>\n<p>1988 : PALAIS DES PAPES \u2013 AVIGNON\u00a0 (France)<\/p>\n<p>1988 : GALERIE DE LA PLACE DU POID, VAISON-LA-ROMAINE (FRANCE)<\/p>\n<p>1989 : GALERIE DU QUESNE \u2013 CASTILLON DU GARD\u00a0 (France)<\/p>\n<p>1989 : GALERIE DE LA PLACE DU POID, VAISON-LA-ROMAINE (FRANCE)<\/p>\n<p>1990 : GALERIE MAZARIN \u2013 TOULON\u00a0 (France)<\/p>\n<p>1990 : GALERIE ARTHEMIS \u2013 VALREAS\u00a0 (France)<\/p>\n<p>1990 : GALERIE LE CHEVALET D\u2019EON \u2013 SALON DE PROVENCE (France)<\/p>\n<p>1990 : GALERIE DE LA PLACE DU POID, VAISON-LA-ROMAINE (FRANCE)<\/p>\n<p>1991 : GALERIE MAZARIN \u2013 TOULON\u00a0 (France)<\/p>\n<p>1991 : GALERIE DU PHAROS \u2013 MARSEILLE\u00a0 (France)<\/p>\n<p>1991: GALERIE DE LA PLACE DU POID, VAISON-LA-ROMAINE (FRANCE)<\/p>\n<p>1992 : GALERIE LES ARCADES DU PORT \u2013 ROLLE (Suisse)<\/p>\n<p>1992 : GALERIE BETTI \u2013 TOULOUSE\u00a0 (France)<\/p>\n<p>1992 : GALERIE LE CHEVALET D\u2019EON \u2013 SALON DE PROVENCE\u00a0 (France)<\/p>\n<p>1992 : GALERIE DE LA PLACE DU POID, VAISON-LA-ROMAINE (FRANCE)[\/vc_column_text][\/vc_tta_section][vc_tta_section title=\u00a0\u00bbSection 2&Prime; tab_id=\u00a0\u00bb1622475057349-0a5ed261-e608&Prime;][vc_column_text]1993 : GALERIE LES ARCADES DU PORT \u2013 ROLLE (Suisse)<\/p>\n<p>1993 : GALERIE BETTI \u2013 TOULOUSE\u00a0 (France)<\/p>\n<p>1993 : GALERIE MAZARIN \u2013 TOULON\u00a0 (France)<\/p>\n<p>1993 : GALERIE DU PHAROS \u2013 SAINT REMY DE PROVENCE\u00a0 (France)<\/p>\n<p>1993 : GALERIE DE LA PLACE DU POID, VAISON-LA-ROMAINE (FRANCE)<\/p>\n<p>1994 : GALERIE DU LUBERON \u2013 GORDES\u00a0 (France)<\/p>\n<p>1994 : GALERIE TIMOTHEE \u2013 AJACCIO\u00a0 (France)<\/p>\n<p>1994 : GALERIE BETTI \u2013 TOULOUSE\u00a0 (France)<\/p>\n<p>1994 : GALERIE DE LA PLACE DU POID, VAISON-LA-ROMAINE (FRANCE)<\/p>\n<p>1995 : GALERIE DU PHAROS \u2013 VICHY\u00a0 (France)<\/p>\n<p>1995 : GALERIE MILA \u2013 PORTO VECCHIO (Italie)<\/p>\n<p>1995 : GALERIE BETTI \u2013 TOULOUSE (France)<\/p>\n<p>1995 : BRENNEN GALLERY \u2013 PALM DESERT (USA)<\/p>\n<p>1995 : BRENNEN GALLERY \u2013 SCOTTSDALE\u00a0 (USA)<\/p>\n<p>1995 : BRENNEN GALLERY \u2013 CARMEL\u00a0 (USA)<\/p>\n<p>1995 : GALERIE DE LA PLACE DU POID, VAISON-LA-ROMAINE (FRANCE)<\/p>\n<p>1996 : GALERIE MAZARIN \u2013 TOULON\u00a0 (France)<\/p>\n<p>1996 : GALERIE BETTI \u2013 TOULOUSE\u00a0 (France)<\/p>\n<p>1996 : GALERIE DE LA PLACE DU POID, VAISON-LA-ROMAINE (FRANCE)<\/p>\n<p>1997 : BRENNEN GALLERY \u2013 PALM DESERT\u00a0 (France)<\/p>\n<p>1997 : GALERIE LE CHEVALET D\u2019EON \u2013 TOULON\u00a0 (France)<\/p>\n<p>1997 : GALERIE DE LA PLACE DU POID, VAISON-LA-ROMAINE (FRANCE)[\/vc_column_text][\/vc_tta_section][vc_tta_section title=\u00a0\u00bbSection 2&Prime; tab_id=\u00a0\u00bb1622475198116-6ec77d31-6fbb\u00a0\u00bb][vc_column_text]1998 : GALERIE BETTI \u2013 TOULOUSE\u00a0 (France)<\/p>\n<p>1998 : BRENNEN GALLERY \u2013 PALM DESERT\u00a0 (USA)<\/p>\n<p>1998 : GALERIE OTTO \u2013 VIENNE (Autriche)<\/p>\n<p>1998 : GALERIE TIMOTHEE \u2013 AJACCIO\u00a0 (France)<\/p>\n<p>1998 : GALERIE DE LA PLACE DU POID, VAISON-LA-ROMAINE (FRANCE)<\/p>\n<p>1999 : BRENNEN GALLERY \u2013 PALM DESERT\u00a0 (USA)<\/p>\n<p>1999 : GALERIE BETTI \u2013 TOULOUSE\u00a0 (France)<\/p>\n<p>1999 : GALERIE DE LA PLACE DU POID, VAISON-LA-ROMAINE (FRANCE)<\/p>\n<p>1999:\u00a0 PACIFIC ART \u2013 LOS ANGELES (USA)<\/p>\n<p>1999 : GALERIE DE LA PLACE DU POID, VAISON-LA-ROMAINE (FRANCE)<\/p>\n<p>2000 : MAISON DE L\u2019AMERIQUE LATINE \u2013 MONACO (Monaco)<\/p>\n<p>2000 : BRENNEN GALLERY \u2013 PALM DESERT\u00a0 (USA)<\/p>\n<p>2000 : GALERIE MAZARIN \u2013 TOULON\u00a0 (France)<\/p>\n<p>2000 :\u00a0 PACIFIC ART \u2013 LOS ANGELES (USA)<\/p>\n<p>2000:\u00a0 GALERIE DE LA PLACE DU POID, VAISON-LA-ROMAINE (FRANCE)<\/p>\n<p>2000 : GALERIE BETTI \u2013 TOULOUSE\u00a0 (France)<\/p>\n<p>2001:\u00a0 GALERIE DE LA PLACE DU POID, VAISON-LA-ROMAINE (FRANCE)<\/p>\n<p>2001 : BRENNEN GALLERY \u2013 PALM DESERT\u00a0 (USA)<\/p>\n<p>2001:\u00a0 PACIFIC ART \u2013 LOS ANGELES (USA)<\/p>\n<p>2001 : O.N.U. GENEVE (Suisse)<\/p>\n<p>2001 : GALERIE BETTI \u2013 TOULOUSE\u00a0 (France)<\/p>\n<p>2002:\u00a0 PACIFIC ART \u2013 LOS ANGELES (USA)[\/vc_column_text][\/vc_tta_section][vc_tta_section title=\u00a0\u00bbSection 2&Prime; tab_id=\u00a0\u00bb1622475231039-b5cbf9c9-9c20&Prime;][vc_column_text]2002 : GALERIE DE LA PLACE DU POID, VAISON-LA-ROMAINE (FRANCE)<\/p>\n<p>2002 : LAS VEGAS MUSEUM, LAS VEGAS (USA)<\/p>\n<p>2002\u00a0: LYZON GALLERY, NASHVILLE\u00a0 (USA)<\/p>\n<p>2002 : GALERIE BETTI \u2013 TOULOUSE\u00a0 (France)<\/p>\n<p>2003:\u00a0 GALERIE ALEXANDRE LEADOUZE \u2013 BEVERLY HILLS (USA)<\/p>\n<p>2003 : GALERIE DE LA PLACE DU POID, VAISON-LA-ROMAINE (FRANCE)<\/p>\n<p>2003 : HOTEL GEORGE 5- Groupe Four Saisons- PARIS \u2013 FRANCE<\/p>\n<p>2003:\u00a0 PACIFIC ART \u2013 LOS ANGELES (USA)<\/p>\n<p>2003\u00a0: NEWMAN GALLERIES, PHILADELPHIA, PA (USA)<\/p>\n<p>2003\u00a0: ESPACE ZANELLA, PARIS (France)<\/p>\n<p>2003\u00a0: EUROPEAN FURNITURES \u2013 BEVERLY HILLS, CA (USA)<\/p>\n<p>2003\u00a0: RON MILLER GALLERY, LOS ANGELES, CA (USA)<\/p>\n<p>2003 : GALERIE BETTI \u2013 TOULOUSE \u00a0(France)<\/p>\n<p>2004\u00a0: PACIFIC ART \u2013 LOS ANGELES (USA)<\/p>\n<p>2004 : GALERIE DE LA PLACE DU POID, VAISON-LA-ROMAINE (FRANCE)<\/p>\n<p>2004\u00a0: EUROPEAN FURNITURES \u2013 BEVERLY HILLS, CA (USA)<\/p>\n<p>2004\u00a0: ESPACE ZANELLA, PARIS (France)<\/p>\n<p>2004\u00a0: RON MILLER GALLERY, LOS ANGELES, CA (USA)<\/p>\n<p>2004 : GALERIE BETTI \u2013 TOULOUSE\u00a0 (France)<\/p>\n<p>2005\u00a0: EUROPEAN FURNITURES \u2013 BEVERLY HILLS, CA (USA)<\/p>\n<p>2005 : GALERIE DE LA PLACE DU POID, VAISON-LA-ROMAINE (FRANCE)<\/p>\n<p>2005\u00a0: RON MILLER GALLERY, LOS ANGELES, CA (USA)[\/vc_column_text][\/vc_tta_section][vc_tta_section title=\u00a0\u00bbSection 2&Prime; tab_id=\u00a0\u00bb1622475256766-88242dc1-cd12&Prime;][vc_column_text]2005\u00a0: PACIFIC ART \u2013 LOS ANGELES (USA)<\/p>\n<p>2005 : GALERIE BETTI \u2013 TOULOUSE\u00a0 (France)<\/p>\n<p>2006 : BRENNEN GALLERY \u2013 PALM DESERT\u00a0 (USA)<\/p>\n<p>2006\u00a0: EUROPEAN FURNITURES GALLERY\u2013 BEVERLY HILLS, CA (USA)<\/p>\n<p>2006\u00a0: PACIFIC ART \u2013 LOS ANGELES (USA)<\/p>\n<p>2006 : GALERIE DE LA PLACE DU POID, VAISON-LA-ROMAINE (FRANCE)<\/p>\n<p>2006\u00a0: RON MILLER GALLERY, LOS ANGELES, CA (USA)<\/p>\n<p>2006\u00a0: ESPACE ZANELLA, PARIS (France)<\/p>\n<p>2006 : GALERIE BETTI \u2013 TOULOUSE\u00a0 (France)<\/p>\n<p>2007\u00a0: ESPACE ZANELLA, PARIS (France)<\/p>\n<p>2007-2021 : GALERIE DE LA PLACE DU POID, VAISON-LA-ROMAINE (FRANCE)[\/vc_column_text][\/vc_tta_section][vc_tta_section title=\u00a0\u00bbSection 2&Prime; tab_id=\u00a0\u00bb1622475294313-e5f79383-a7e3&Prime;][vc_column_text]<strong>SALONS INTERNATIONNAUX :<\/strong><\/p>\n<p>1985 : Salon International d\u2019Arles<\/p>\n<p>1986 : Salon International d\u2019Avignon<\/p>\n<p>1986 : Salon international d\u2019Aix en Provence<\/p>\n<p>1986 : Salon international d\u2019Arles<\/p>\n<p>1987 : Salon international d\u2019Orange<\/p>\n<p>1987 : Salon international de Marseille<\/p>\n<p>1988 : Salon international de Dax<\/p>\n<p>1988 : Biennale internationale \u2013 QUEBEC<\/p>\n<p>1989 : Salon international des peintres et \u00e9crivains \u2013 Paris<\/p>\n<p>1989 : Salon international de Metz<\/p>\n<p>1990 : Salon International des Pastellistes de France \u2013 Paris<\/p>\n<p>1991 : Salon des ind\u00e9pendants \u2013 Paris<\/p>\n<p>1991 : Salon des Artistes Fran\u00e7ais \u2013 Paris<\/p>\n<p>1996 : Salon International d\u2019Embrun<\/p>\n<p>1996 : ART EXPO \u2013 NEW YORK<\/p>\n<p>1997 : Salon International de Mont\u00e9limar<\/p>\n<p>1998 : ART EXPO \u2013 NEW YORK[\/vc_column_text][\/vc_tta_section][\/vc_tta_pageable][\/vc_column][vc_column width=\u00a0\u00bb1\/2&Prime;][vc_single_image image=\u00a0\u00bb14054&Prime; img_size=\u00a0\u00bbfull\u00a0\u00bb][vc_column_text]<\/p>\n<p style=\"text-align: center;\"><span style=\"font-size: 10pt;\">Credit photo-Van Son HUYNH<\/span><\/p>\n<p>[\/vc_column_text][\/vc_column][vc_column][\/vc_column][\/vc_row][vc_row cspt-text-color=\u00a0\u00bbwhite\u00a0\u00bb cspt-bg-color=\u00a0\u00bbgradientcolor\u00a0\u00bb full_width=\u00a0\u00bbstretch_row\u00a0\u00bb][vc_column width=\u00a0\u00bb1\/2&Prime;][vc_column_text]<strong>EVENEMENTS :<\/strong><\/p>\n<p>1974 : BEDOIN (France) 1\u00e8re expo \u00e0 l\u2019h\u00f4tel de ville,\u00a0 Zanella avait 17 ans. 54 Tableaux \u00e9taient \u00e0 la vente. Toutes la collection a \u00e9t\u00e9 vendue.<\/p>\n<p>1980 : Rencontre avec Monsieur Emmanuel DAVID grand d\u00e9couvreur de talents (Bernard BUFFET, CARZOU.<\/p>\n<p>Sa rencontre avec Monsieur DAVID sera d\u00e9cisive et plus enrichissante encore que ses \u00e9tudes aux Beaux-Arts d\u2019Avignon.<\/p>\n<p>Emmanuel DAVID aime la peinture de ZANELLA et l\u2019encourage dans la voie du travail acharn\u00e9. Il le suivra et le conseillera durant de nombreuses ann\u00e9es.<\/p>\n<p>1996 : D\u00e9c\u00e8s de Monsieur Emmanuel David<\/p>\n<p>1999 : Rencontre avec David Ha\u00efk, son agent actuel<\/p>\n<p>2000\u00a0: D\u00e9but projet de la collection \u00ab\u00a0La France de Zanella\u00a0\u00bb<\/p>\n<p>2000 : R\u00e9alisation du premier tableau original en Porcelaine de Limoges<\/p>\n<p>2000 : R\u00e9alisation de la premi\u00e8re prestigieuse Edition limit\u00e9e en Porcelaine de Limoges, capitale mondiale de la Porcelaine.<\/p>\n<p>2001 : R\u00e9alisation du plus grand tableau en Porcelaine de Limoges (55x46cm) Pi\u00e8ce unique au monde. Certificat du Guiness des Records.<\/p>\n<p>2001\u00a0: Exposition de prestige \u00e0 l\u2019O.N.U. Gen\u00e8ve \u2013 Meilleure exposition de l\u2019ann\u00e9e \u2013 Couverture magazine UN (ONU) F\u00e9vrier 2004[\/vc_column_text][\/vc_column][vc_column width=\u00a0\u00bb1\/2&Prime;][vc_column_text]<\/p>\n<p>2002 : Proclamation officielle du Maire de Las Vegas : le 31 janvier est le jour de L\u00e9on Zanella \u00e0 Las Vegas. Mr le Maire demande au Am\u00e9ricains de reconna\u00eetre le l\u2019Artiste Peintre Zanella et de reconna\u00eetre aussi son travail sur Porcelaine de Limoges.<\/p>\n<p>2002 : Premi\u00e8re cuv\u00e9e Zanella, c\u00f4te du Ventoux \u2013 s\u00e9rie limit\u00e9e<\/p>\n<p>2002 : Proclamation officielle du Maire de Bedoin (France, 84) : le 8 octobre (date anniversaire de l\u2019Artiste) sera d\u00e9sormais le jour L\u00e9on Zanella dans la ville de Bedoin.<\/p>\n<p>2003\u00a0: Deuxi\u00e8me cuv\u00e9e Zanella, c\u00f4te du Ventoux \u2013 s\u00e9rie limit\u00e9e<\/p>\n<p>2003\u00a0: Exposition de prestige au George V Paris en faveur des enfants en d\u00e9tresse de l\u00a0\u2018UNESCO \u2013 Parrain de l\u2019exposition\u00a0: David Douillet<\/p>\n<p>2004\u00a0: Troisi\u00e8me cuv\u00e9e Zanella, c\u00f4te du Ventoux \u2013 s\u00e9rie limit\u00e9e<\/p>\n<p>2004\u00a0: Tatouage du fameux tableau \u00ab\u00a0La Ramasseuse de Lavande\u00a0\u00bb sur une admiratrice du travail de L\u00e9on Zanella<\/p>\n<p>2006\u00a0: Livre Zanella\u00a0:\u00a0<em>\u00ab\u00a0Dans la Lumi\u00e8re de tous les Suds\u00a0\u00bb<\/em>[\/vc_column_text][\/vc_column][\/vc_row][vc_row][vc_column width=\u00a0\u00bb1\/2&Prime;][vc_column_text]<\/p>\n<p><strong>LIVRES PERSONNELS :<\/strong><\/p>\n<p>1992\u00a0 \u2013 ZANELLA<\/p>\n<p>1992 \u2013 ZANELLA Le Monde est N\u00e9 de la Lumi\u00e8re (\u00e9ditions AUTRES TEMPS)<\/p>\n<p>2006\u00a0 \u2013 ZANELLA Dans la Lumi\u00e8re de tous les Suds (\u00e9ditions AUTRES TEMPS)<\/p>\n<p><strong>AUTRES LIVRES :<\/strong><\/p>\n<p>ANNUAIRE DE L\u2019ART INTERNATIONNAL<\/p>\n<p>GRANDES SIGNATURES CONTEMPORAINES (Editions du Ch\u00eane Vert \u2013 Paris)<\/p>\n<p>NOUVEAUX CONTES DE PROVENCE de Ren\u00e9 Provane (Editions Autres Temps)<\/p>\n<p>CHRONIQUES DE MA PROVENCE de Pierre Roumel (Editions Autres Temps)<\/p>\n<p>CONTES ET LEGENDES EN PROVENCE de Ren\u00e9 Provane (Editions Autres Temps)[\/vc_column_text][\/vc_column][vc_column width=\u00a0\u00bb1\/2&Prime;][vc_empty_space][vc_single_image image=\u00a0\u00bb14056&Prime; img_size=\u00a0\u00bbfull\u00a0\u00bb][vc_single_image image=\u00a0\u00bb13866&Prime; img_size=\u00a0\u00bbfull\u00a0\u00bb alignment=\u00a0\u00bbcenter\u00a0\u00bb][\/vc_column][\/vc_row]<\/p>\n","protected":false},"excerpt":{"rendered":"<p>[vc_row][vc_column][vc_empty_space][\/vc_column][\/vc_row][vc_row][vc_column width=\u00a0\u00bb1\/2&Prime;][vc_column_text]L\u00e9on ZANELLA N\u00e9 \u00e0 Marseille le 8 octobre 1956. \u00a0ETUDES : Beaux-Arts, Avignon (France) 1970-1971 MUSEES : Las Vegas Museum, Las vegas, Nevada, USA\u00a0\u00a0 (en collection permanente depuis le 31 janvier 2002)[\/vc_column_text][\/vc_column][vc_column width=\u00a0\u00bb1\/2&Prime;][vc_single_image image=\u00a0\u00bb14053&Prime; img_size=\u00a0\u00bbfull\u00a0\u00bb][vc_column_text] Credit photo-Van Son HUYNH [\/vc_column_text][\/vc_column][vc_column][vc_empty_space][\/vc_column][\/vc_row][vc_row][vc_column width=\u00a0\u00bb1\/2&Prime;][vc_tta_pageable][vc_tta_section title=\u00a0\u00bbSection 1&Prime; tab_id=\u00a0\u00bb1622475057349-7d3b2f89-2b2a\u00a0\u00bb][vc_column_text]PRINCIPALES EXPOSITIONS : 1974 : Juin, \u00e0 BEDOIN (1\u00e8re expo \u00e0 [&hellip;]<\/p>\n","protected":false},"author":1,"featured_media":0,"parent":0,"menu_order":0,"comment_status":"closed","ping_status":"closed","template":"","meta":[],"acf":[],"_links":{"self":[{"href":"https:\/\/leonzanella.com\/index.php\/wp-json\/wp\/v2\/pages\/46"}],"collection":[{"href":"https:\/\/leonzanella.com\/index.php\/wp-json\/wp\/v2\/pages"}],"about":[{"href":"https:\/\/leonzanella.com\/index.php\/wp-json\/wp\/v2\/types\/page"}],"author":[{"embeddable":true,"href":"https:\/\/leonzanella.com\/index.php\/wp-json\/wp\/v2\/users\/1"}],"replies":[{"embeddable":true,"href":"https:\/\/leonzanella.com\/index.php\/wp-json\/wp\/v2\/comments?post=46"}],"version-history":[{"count":13,"href":"https:\/\/leonzanella.com\/index.php\/wp-json\/wp\/v2\/pages\/46\/revisions"}],"predecessor-version":[{"id":14139,"href":"https:\/\/leonzanella.com\/index.php\/wp-json\/wp\/v2\/pages\/46\/revisions\/14139"}],"wp:attachment":[{"href":"https:\/\/leonzanella.com\/index.php\/wp-json\/wp\/v2\/media?parent=46"}],"curies":[{"name":"wp","href":"https:\/\/api.w.org\/{rel}","templated":true}]}}