{"id":14431,"date":"2026-04-26T14:23:18","date_gmt":"2026-04-26T12:23:18","guid":{"rendered":"https:\/\/leonzanella.com\/?page_id=14431"},"modified":"2026-04-26T15:41:32","modified_gmt":"2026-04-26T13:41:32","slug":"accueil","status":"publish","type":"page","link":"https:\/\/leonzanella.com\/","title":{"rendered":"ACCUEIL"},"content":{"rendered":"<p>[vc_row full_width=\u00a0\u00bbstretch_row\u00a0\u00bb][vc_column][vc_single_image image=\u00a0\u00bb14061&Prime; img_size=\u00a0\u00bbfull\u00a0\u00bb alignment=\u00a0\u00bbcenter\u00a0\u00bb][\/vc_column][\/vc_row][vc_row][vc_column][vc_column_text]<\/p>\n<p style=\"text-align: center;\"><span style=\"font-size: 22pt;\"><em><span style=\"color: #ffffff; font-family: Tahoma, Arial, Helvetica, sans-serif;\">Bienvenue sur le site officiel de L\u00e9on Zanella<\/span><\/em><\/span><\/p>\n<p>[\/vc_column_text][\/vc_column][\/vc_row][vc_row cspt-bg-color=\u00a0\u00bbgradientcolor\u00a0\u00bb full_width=\u00a0\u00bbstretch_row\u00a0\u00bb equal_height=\u00a0\u00bbyes\u00a0\u00bb css=\u00a0\u00bb.vc_custom_1775902341887{background-position: center !important;background-repeat: no-repeat !important;background-size: contain !important;}\u00a0\u00bb el_class=\u00a0\u00bbcollection-row\u00a0\u00bb][vc_column cspt-bg-image-position=\u00a0\u00bbcenter-center\u00a0\u00bb][vc_column_text]<\/p>\n<p style=\"text-align: center;\"><a href=\"https:\/\/leonzanella.com\/index.php\/lafrancedeleonzanella\/\"><span style=\"color: #ffffff;\"><strong><span style=\"font-size: 20pt;\">D\u00e9couvrez la collection de prestige de 122 tableaux repr\u00e9sentant<br \/>\nles 95 d\u00e9partements de France &amp; les Dom Tom<\/span><\/strong><\/span><\/a><\/p>\n<p style=\"text-align: center;\"><em><strong><span style=\"font-size: 14pt; color: #000000;\">Projet colossal r\u00e9alis\u00e9 entre 1999 et 2022<\/span><\/strong><\/em><\/p>\n<p>[\/vc_column_text][\/vc_column][\/vc_row][vc_row][vc_column][vc_empty_space][\/vc_column][\/vc_row][vc_row][vc_column][vc_single_image image=\u00a0\u00bb14054&Prime; img_size=\u00a0\u00bbfull\u00a0\u00bb alignment=\u00a0\u00bbcenter\u00a0\u00bb][\/vc_column][\/vc_row][vc_row cspt-text-color=\u00a0\u00bbwhite\u00a0\u00bb full_width=\u00a0\u00bbstretch_row\u00a0\u00bb css=\u00a0\u00bb.vc_custom_1622464415418{background-position: center !important;background-repeat: no-repeat !important;background-size: cover !important;}\u00a0\u00bb][vc_column][vc_cta h2=\u00a0\u00bbVous souhaitez acqu\u00e9rir une oeuvre de L\u00e9on Zanella ?\u00a0\u00bb h4=\u00a0\u00bbContactez-nous !\u00a0\u00bb txt_align=\u00a0\u00bbcenter\u00a0\u00bb add_button=\u00a0\u00bbbottom\u00a0\u00bb btn_title=\u00a0\u00bbContact\u00a0\u00bb btn_align=\u00a0\u00bbcenter\u00a0\u00bb btn_link=\u00a0\u00bburl:https%3A%2F%2Fleonzanella.com%2Findex.php%2Fcontact%2F|title:CONTACT||\u00a0\u00bb css=\u00a0\u00bb.vc_custom_1631801052063{background-color: #000000 !important;}\u00a0\u00bb][\/vc_cta][\/vc_column][\/vc_row]<\/p>\n","protected":false},"excerpt":{"rendered":"<p>[vc_row full_width=\u00a0\u00bbstretch_row\u00a0\u00bb][vc_column][vc_single_image image=\u00a0\u00bb14061&Prime; img_size=\u00a0\u00bbfull\u00a0\u00bb alignment=\u00a0\u00bbcenter\u00a0\u00bb][\/vc_column][\/vc_row][vc_row][vc_column][vc_column_text] Bienvenue sur le site officiel de L\u00e9on Zanella [\/vc_column_text][\/vc_column][\/vc_row][vc_row cspt-bg-color=\u00a0\u00bbgradientcolor\u00a0\u00bb full_width=\u00a0\u00bbstretch_row\u00a0\u00bb equal_height=\u00a0\u00bbyes\u00a0\u00bb css=\u00a0\u00bb.vc_custom_1775902341887{background-position: center !important;background-repeat: no-repeat !important;background-size: contain !important;}\u00a0\u00bb el_class=\u00a0\u00bbcollection-row\u00a0\u00bb][vc_column cspt-bg-image-position=\u00a0\u00bbcenter-center\u00a0\u00bb][vc_column_text] D\u00e9couvrez la collection de prestige de 122 tableaux repr\u00e9sentant les 95 d\u00e9partements de France &amp; les Dom Tom Projet colossal r\u00e9alis\u00e9 entre 1999 et 2022 [\/vc_column_text][\/vc_column][\/vc_row][vc_row][vc_column][vc_empty_space][\/vc_column][\/vc_row][vc_row][vc_column][vc_single_image image=\u00a0\u00bb14054&Prime; img_size=\u00a0\u00bbfull\u00a0\u00bb alignment=\u00a0\u00bbcenter\u00a0\u00bb][\/vc_column][\/vc_row][vc_row [&hellip;]<\/p>\n","protected":false},"author":1,"featured_media":0,"parent":0,"menu_order":0,"comment_status":"closed","ping_status":"closed","template":"","meta":[],"acf":[],"_links":{"self":[{"href":"https:\/\/leonzanella.com\/index.php\/wp-json\/wp\/v2\/pages\/14431"}],"collection":[{"href":"https:\/\/leonzanella.com\/index.php\/wp-json\/wp\/v2\/pages"}],"about":[{"href":"https:\/\/leonzanella.com\/index.php\/wp-json\/wp\/v2\/types\/page"}],"author":[{"embeddable":true,"href":"https:\/\/leonzanella.com\/index.php\/wp-json\/wp\/v2\/users\/1"}],"replies":[{"embeddable":true,"href":"https:\/\/leonzanella.com\/index.php\/wp-json\/wp\/v2\/comments?post=14431"}],"version-history":[{"count":6,"href":"https:\/\/leonzanella.com\/index.php\/wp-json\/wp\/v2\/pages\/14431\/revisions"}],"predecessor-version":[{"id":14438,"href":"https:\/\/leonzanella.com\/index.php\/wp-json\/wp\/v2\/pages\/14431\/revisions\/14438"}],"wp:attachment":[{"href":"https:\/\/leonzanella.com\/index.php\/wp-json\/wp\/v2\/media?parent=14431"}],"curies":[{"name":"wp","href":"https:\/\/api.w.org\/{rel}","templated":true}]}}